{"id":366,"date":"2023-12-13T02:10:47","date_gmt":"2023-12-13T02:10:47","guid":{"rendered":"https:\/\/www.rmsolympicpiano.com\/?page_id=366"},"modified":"2024-08-21T20:09:36","modified_gmt":"2024-08-21T20:09:36","slug":"faqs","status":"publish","type":"page","link":"https:\/\/www.rmsolympicpiano.com\/de\/faqs\/","title":{"rendered":"FAQ"},"content":{"rendered":"<h1>H\u00e4ufig gestellte Fragen<\/h1>\n<p class=\"translation-block\">Auf dieser Seite versuchen wir einige der h\u00e4ufigsten Fragen zu beantworten, die Sie \u00fcber unseren Verein, dessen Ziele oder andere Details haben k\u00f6nnten. Sollten Sie weitere Fragen haben, z\u00f6gern Sie bitte nicht, uns zu kontaktieren.<\/p>\n<p><strong>F: Ist die RMS OLYMPIC STEINWAY ASSOCIATION eine gemeinn\u00fctzige Organisation?<\/strong><\/p>\n<p class=\"translation-block\"><strong>A: Yes.<\/strong> Formally registered in Austria, the RMS OLYMPIC STEINWAY ASSOCIATION, a subsidiary of the ASSOCIATION FOR THE PRESERVATION AND MAINTENANCE OF HISTORICALLY SIGNIFICANT INSTRUMENTS, is legally registered in Austria as a non-profit organization (with certain tax deduction benefits available). <strong>Registry Number: ZVR-Zahl 1275064672<\/strong>.<\/p>\n<hr \/>\n<p><strong>F: Wie geht der Verein mit seinen Ausgaben um?<\/strong><\/p>\n<p class=\"translation-block\">A: Obwohl wir versuchen, die Betriebskosten des Vereines auf ein Minimum zu beschr\u00e4nken, gibt es immer Ausgaben, die mit dem t\u00e4glichen Betrieb einer solchen Organisation verbunden sind. Dazu geh\u00f6ren der Besitz der Domain unserer Website, Webhosting und Geb\u00fchren, die bei der Mittelbeschaffung anfallen k\u00f6nnen (Bankgeb\u00fchren, Anmietung von R\u00e4umlichkeiten f\u00fcr eventuelle Spendenaktionen) und \u00c4hnliches. Ein weiteres Beispiel ist, dass Reisekosten f\u00fcr Vorstandsmitglieder in Verbindung mit dem Betrieb des Vereines anfallen k\u00f6nnen und abgedeckt werden. Zu den Betriebskosten der Vorstandsmitglieder geh\u00f6ren jedoch keine pers\u00f6nlichen Nebenkosten oder Extravaganzen wie Computerausr\u00fcstung oder \u00c4hnliches.\nDer generelle Arbeitsaufwand der Vorstandsmitglieder und insbesondere die investierte Zeit sind allerdings ehrenamtlich.<\/p>\n<p>Als gesetzlich eingetragene gemeinn\u00fctzige Organisation ist unser Verein verpflichtet, Vorkehrungen zu treffen, z. B. in Bezug auf die Genehmigung von Ausgaben und regelm\u00e4\u00dfige Rechnungspr\u00fcfungen. Die Statuten unseres Vereins gehen in diesen Bereichen \u00fcber das vom \u00f6sterreichischen Gesetz geforderte Mindestma\u00df hinaus und es wird genau darauf geachtet, dass mit Spendengeldern sorgf\u00e4ltig umgegangen wird.<\/p>\n<hr \/>\n<p><strong>F: Ist die RMS OLYMPIC STEINWAY ASSOCIATION mit einer anderen Gruppe oder Organisation verbunden?<\/strong><\/p>\n<p class=\"translation-block\">A: Nein und das werden wir auch nie sein. Obwohl wir hart daran arbeiten, gute Beziehungen zu vielen Einzelpersonen und Organisationen in der Titanic-Gemeinschaft zu pflegen, sind wir nicht offiziell an sie gebunden oder ihnen gegen\u00fcber verpflichtet. Einzelne Vorstandsmitglieder k\u00f6nnen Mitglieder verschiedener historischer Titanic-Gesellschaften sein und solche Gesellschaften oder Gruppen k\u00f6nnen uns sogar helfen, unsere Sache bekannt zu machen. Dennoch wird unser Verein immer unabh\u00e4ngig agieren. Dabei verfolgen wir die Ziele, 1) ein historisches Artefakt mit Bezug zur Titanic zu erhalten und 2) ein historisches Musikinstrument zu bewahren.<\/p>\n<p>Selbst die Beziehung zwischen unserem Verein und dem auszuw\u00e4hlenden dauerhaften Aufenthaltsort des Klaviers w\u00fcrde nur auf eine enge Zusammenarbeit und die Erkenntnis hindeuten, dass sie bestimmte Kriterien erf\u00fcllen, um dem Instrument einen sicheren und w\u00fcrdigen Platz zu geben und nicht auf eine direkte finanzielle Unterst\u00fctzung ihrer Organisation oder \u00c4hnliches.<\/p>\n<hr \/>\n<p><strong>F: Wie ist der aktuelle Zustand des Klaviers?<\/strong><\/p>\n<p class=\"translation-block\">A: Uns wurde mitgeteilt, dass das Klavier von Olympic, Steinway 157550, bereits von Fachleuten vollst\u00e4ndig restauriert und neu lackiert wurde und dass es sich in einem ausgezeichneten Zustand befindet. Wie Sie aus den Aufnahmen des Klaviers auf unserer Medienseite ersehen k\u00f6nnen, sieht das Klavier wundersch\u00f6n aus und klingt auch so. Unser Vereinsobmann hat es zweimal pers\u00f6nlich in Augenschein genommen und bespielt.<\/p>\n<p>Nach unserem derzeitigen Kenntnisstand wird das Klavier in naher Zukunft keine gr\u00f6\u00dfere Restaurierung ben\u00f6tigen. Vielmehr muss es konserviert und gepflegt werden, um seine optimale Leistung zu erhalten.<\/p>\n<hr \/>\n<p><strong>F: Wenn die Mission des Vereines erfolgreich ist, wem geh\u00f6rt dann das Klavier?<\/strong><\/p>\n<p class=\"translation-block\">A: Es wird Eigentum des Vereines - einer Rechtsperson - sein. Dieser wird vom Vorstand gef\u00fchrt und daher wird das Klavier nicht das Eigentum eines einzelnen Mitglieds bzw. einer Einzelperson sein. Sowohl der Vorstand als auch die stimmberechtigten Mitglieder des Vereines werden kein Recht erhalten, das Instrument als Einzelperson zu erwerben. Unser Ziel ist, das Klavier auch in Zukunft zu erhalten, damit es der \u00d6ffentlichkeit zug\u00e4nglich bleibt und nicht in einer privaten Sammlung oder an einem privaten Ort verschwindet.<\/p>\n<hr \/>\n<p><strong>F: Wenn der Verein das Klavier kaufen kann, wo wird es dann stehen?<\/strong><\/p>\n<p class=\"translation-block\">A: Der Verein hat sich derzeit noch nicht auf einen endg\u00fcltigen Standort f\u00fcr das Klavier festgelegt. Wir haben jedoch strenge Kriterien f\u00fcr die Auswahl solcher Standorte. Einige der wichtigsten davon sind die folgenden:<\/p>\n<ol>\n<li>Der gew\u00e4hlte Standort muss dem Klavier eine stabile und sichere Umgebung bieten, in der das Risiko einer Besch\u00e4digung minimal ist.<\/li>\n<li>Der gew\u00e4hlte Standort muss das Klavier der \u00d6ffentlichkeit zug\u00e4nglich machen, idealerweise in einer w\u00fcrdigen, lehrreichen, musealen Ausstellung, die mit der Geschichte der Titanic verbunden ist.<\/li>\n<li>Der Standort muss sich bereit erkl\u00e4ren, das Klavier f\u00fcr regelm\u00e4\u00dfige Inspektionen durch den Vorstand zur Verf\u00fcgung zu stellen, bei der Koordinierung von Terminen f\u00fcr \u00f6ffentliche Auff\u00fchrungen zu helfen und das Instrument f\u00fcr regelm\u00e4\u00dfige Wartungsarbeiten, wie z. B. Stimmen, zur Verf\u00fcgung zu stellen (die der Vorstand organisieren und bezahlen w\u00fcrde);<\/li>\n<li>Der gew\u00e4hlte Standort w\u00e4re auch bereit, das Klavier auf einer halbpermanenten Basis unterzubringen, vorbehaltlich zuk\u00fcnftiger Entscheidungen des Vereins \u00fcber die Zukunft des Klavieres.<\/li>\n<li>Um m\u00f6gliche moralische oder ethische Einw\u00e4nde einiger Mitglieder der Titanic-Gemeinschaft, einschlie\u00dflich potenzieller Spender, zu respektieren, hat unser Verein im Voraus beschlossen, dass potenziell geeignete Standorte nicht mit Bergungsarbeiten oder der Ausstellung von geborgenen Artefakten in Verbindung stehen werden.<\/li>\n<\/ol>\n<p>Bedauerlicherweise haben einige der bekannteren Museen und Organisationen, die sich mit der Geschichte der Titanic befassen und somit als potenzielle Kandidaten in Frage gekommen w\u00e4ren, bisher kein Interesse an dem Instrument gezeigt.<\/p>\n<hr \/>\n<p><strong>F: Wird der ausgew\u00e4hlte Standort dauerhaft sein?<\/strong><\/p>\n<p class=\"translation-block\">A: Nein. Der ausgew\u00e4hlte Standort wird eher halbpermanent sein und daf\u00fcr gibt es einen guten Grund. Unser Verein wei\u00df, dass die meisten Sch\u00e4den an Klavieren in der Phase des Umzugs von einem Ort zum anderen entstehen. Auch wenn die Klavierbauer noch so vorsichtig sind, ist das Risiko einer Besch\u00e4digung bei jedem Umzug sehr hoch. Au\u00dferdem muss sich jedes Klavier nach einem Umzug an die neue Umgebung gew\u00f6hnen und bedarf daher einer besonderen Pflege und Wartung, selbst wenn der Umzug selbst problemlos verl\u00e4uft.<\/p>\n<p>Aus diesen und anderen Gr\u00fcnden ist es unser Ziel, dass das Klavier in Zukunft so wenig wie m\u00f6glich den Standort wechselt. Es w\u00fcrde zum Beispiel nicht in eine Wanderausstellung aufgenommen werden, die ihren Standort wechseln muss. Der Verein wei\u00df jedoch auch, dass sich die Umst\u00e4nde \u00e4ndern: Sollte sich ein Standort als ungeeignet erweisen oder seine Zusage, dem Instrument ein sicheres Zuhause zu bieten, nicht einhalten, oder sollte er geschlossen werden, w\u00fcrde sich der Verein schnell um einen neuen geeigneten Standort f\u00fcr das Instrument bem\u00fchen.<\/p>\n<p>Das Klavier bliebe zu jeder Zeit im Besitz des Vereins und unsere Organisation w\u00e4re f\u00fcr die Pflege und Wartung zust\u00e4ndig. Das Instrument w\u00fcrde als langfristige Leihgabe betrachtet werden und an seinem neuen halbpermanenten Standort ausgestellt werden. Der Verbleib des Klaviers an einem ausgew\u00e4hlten, semi-permanenten Standort w\u00fcrde somit dazu beitragen, dass weder der Verein noch der f\u00fcr die halbpermanente Ausstellung ausgew\u00e4hlte Standort unn\u00f6tig belastet werden.<\/p>\n<hr \/>\n<p><strong>F: Warum sollte man mit der Beschaffung des Geldes nicht warten, bis ein geeigneter Standort gefunden ist?<\/strong><\/p>\n<p class=\"translation-block\">A: Das ist leider nicht m\u00f6glich. Da das Klavier derzeit zum Verkauf steht, muss unser Verein blitzschnell handeln, um den Besitz des Klaviers ohne Verz\u00f6gerung zu sichern.<\/p>\n<p>Dieses Klavier ist ein historisches Artefakt, das der \u00d6ffentlichkeit zur Verf\u00fcgung gestellt werden sollte, damit sie sich daran erfreuen und sich weiterbilden kann. Viele Privatsammler erwerben Erinnerungsst\u00fccke an die Titanic und die Objekte verschwinden danach aus dem Blickfeld der \u00d6ffentlichkeit. Ein Paradebeispiel daf\u00fcr ist ein anderes Klavier der Olympic, das Steinway-Modell B aus dem Empfangsraum des D-Decks, das vor einigen Jahren verschwunden ist. Sein derzeitiger Verbleib bleibt unbekannt.<\/p>\n<p>Unser Ziel ist nicht nur, die Mittel f\u00fcr den Kauf des Klaviers aufzubringen, sondern es auch an einen neuen, halbwegs dauerhaften Standort zu bringen, an dem es ausgestellt werden kann. Sollte bis zur Beschaffung des Geldes kein halbwegs dauerhafter Standort gefunden worden sein, wird der Kauf fortgesetzt und der Verein wird sich um einen sicheren vor\u00fcbergehenden Standort f\u00fcr das Instrument bem\u00fchen, bis ein neuer, halbwegs dauerhafter Standort gefunden werden kann.<\/p>\n<hr \/>\n<p><strong>F: Welchen Nutzen h\u00e4tte der neue vor\u00fcbergehende Standort von der Ausstellung des Instruments?<\/strong><\/p>\n<p class=\"translation-block\">A: Nat\u00fcrlich kann es f\u00fcr die Einrichtung oder Organisation, die das Klavier vor\u00fcbergehend aufstellt, einige Vorteile geben. Dazu geh\u00f6rt zum Beispiel, dass sie damit werben k\u00f6nnen, dass sie ein echtes Klavier vom Titanic-Schwesterschiff ausstellen. Solche Fotos oder Aussagen in Printmedien, im Internet oder in den sozialen Medien k\u00f6nnen zus\u00e4tzliche Besucher anlocken. In allen F\u00e4llen w\u00fcrde das Klavier jedoch im Besitz des Vereins verbleiben und seine Aufstellung w\u00fcrde als \"langfristige und bedingte Leihgabe\" betrachtet. Auch die Verwendung des Klaviers bei au\u00dferordentlichen, nicht vom Verein organisierten Benefizveranstaltungen bedarf der Zustimmung des Vereins.<\/p>\n<hr \/>\n<p><strong>F: Warum ist der von der Verein angegebene Kaufpreis niedriger als der, den ich anderswo im Internet gesehen habe?<\/strong><\/p>\n<p class=\"translation-block\">A: Wir haben eine Absichtserkl\u00e4rung mit dem derzeitigen Eigent\u00fcmer des Klaviers und f\u00fcr unsere Organisation wurde der Kaufpreis von 100.000 Pfund festgelegt. Es ist f\u00fcr uns entscheidend, so schnell wie m\u00f6glich eine Anzahlung f\u00fcr das Klavier zu leisten, damit wir die n\u00f6tige Zeit haben, um die restlichen Mittel aufzubringen.<\/p>\n<hr \/>\n<p><strong>F: Gibt es Spender - Stufen? K\u00f6nnen die Spender mitbestimmen, was mit dem Klavier geschieht?<\/strong><\/p>\n<p class=\"translation-block\">A: Ja. Obwohl die Spender nicht verpflichtet sind, in dieser Angelegenheit Verantwortung zu \u00fcbernehmen, k\u00f6nnen sich die sogenannten \"ordentlichen Mitglieder\" des Vereins bei regelm\u00e4\u00dfigen (virtuellen) Generalversammlungen aktiv an den Gesch\u00e4ften des Vereins beteiligen.<\/p>\n<hr \/>\n<p><strong>F: Kann ich Ehrenmitglied des Vorstands werden?<\/strong><\/p>\n<p class=\"translation-block\">A: Der Vorstand kann einzelne Ehrenmitglieder aufgrund ihrer Verdienste um den Verein oder ihres wertvollen Fachwissens in einem bestimmten Bereich ernennen, der zur Erreichung unserer Ziele beitr\u00e4gt. Die Ernennung zum Ehrenmitglied ist jedoch nicht an die H\u00f6he eines finanziellen Beitrags gebunden und es ist auch nicht geplant, dieses Privileg auf viele Personen auszudehnen.<\/p>\n<hr \/>\n<p><strong>F: Wenn der Versuch des Vereins, das Klavier zu kaufen, scheitert, wohin flie\u00dft dann das gespendete Geld?<\/strong><\/p>\n<p><strong>A: <\/strong>Dies ist eine wichtige \u00dcberlegung, da es m\u00f6glich ist, dass wir die erforderlichen Mittel nicht rechtzeitig aufbringen oder dass jemand anderes das Klavier kauft, bevor wir \u00fcber den Kaufpreis verf\u00fcgen k\u00f6nnen. Es ist am besten, f\u00fcr alle Eventualit\u00e4ten vorzusorgen.<\/p>\n<p>Daher hat unser Vorstand entschieden, dass die erhaltenen Spenden im Falle des Scheiterns zur\u00fcckbezahlt werden. Unser Verein hat zwar kleine, aber  laufende Kosten. Die R\u00fcckzahlungen werden daher zu einem prozentuellen Anteil zur\u00fcckbezahlt werden, welcher sich aus den gesamten erhaltenen Spenden versus der geringen Ausgaben des Vereines berechnet.<\/p>\n<hr \/>\n<p><strong>F: Was geschieht nach dem Kauf des Klaviers?<\/strong><\/p>\n<p class=\"translation-block\">A: Unsere Aufgabe besteht nicht nur darin, das Klavier zu kaufen und der \u00d6ffentlichkeit zug\u00e4nglich zu machen, sondern es auch f\u00fcr k\u00fcnftige Generationen von Titanic- und Musikgeschichte- Liebhabern zu erhalten. Dies wird im Laufe der Zeit einige Ausgaben erfordern. So wird allein der Umzug an den vorl\u00e4ufigen Standort des Klaviers wahrscheinlich viele Tausend Dollar, Pfund oder Euro kosten; jeder weitere Umzug w\u00fcrde ebenfalls gro\u00dfe und kleine Kosten mit sich bringen.<\/p>\n<p>Den meisten Menschen ist nicht bewusst, dass Klaviere nicht nur eine stabile und sichere Umgebung ben\u00f6tigen, sondern auch regelm\u00e4\u00dfig gewartet werden m\u00fcssen. Die meisten Klaviertechniker empfehlen mindestens zwei Stimmungen pro Jahr, oft sind auch mehrere erforderlich. Das Klavier muss auch regelm\u00e4\u00dfig gespielt werden, denn komplexe mechanische Instrumente wie Klaviere m\u00fcssen regelm\u00e4\u00dfig von qualifizierten Musikern gespielt werden, um in Topform zu bleiben. Dazu kann es erforderlich sein, qualifizierte Musiker einzustellen, die das Instrument regelm\u00e4\u00dfig spielen, oder andere M\u00f6glichkeiten zu nutzen. In absehbarer Zukunft k\u00f6nnten nicht nur Stimmungen sondern auch die Regulierung der Mechanik, neue H\u00e4mmer oder \u00c4hnliches erforderlich sein.<\/p>\n<hr \/>\n<p><strong>F: Wer wird das Instrument warten?<\/strong><\/p>\n<p class=\"translation-block\">A: Der Vorstand ist alleinig f\u00fcr die Festlegung solcher Angelegenheiten verantwortlich. Ein Vorstandsmitglied ist nicht nur Historiker sondern auch seit vielen Jahren in der Klavierstimmungs-, -reparatur- und -restaurierungsbranche t\u00e4tig und wird den Vorstand in solchen Angelegenheiten direkt beraten.<\/p>\n<hr \/>\n<form action=\"https:\/\/www.paypal.com\/donate\" method=\"post\" target=\"_top\"><input name=\"hosted_button_id\" type=\"hidden\" value=\"4QE4759GYP974\" \/><br \/>\n<input title=\"PayPal - The safer, easier way to pay online!\" alt=\"Donate with PayPal button\" name=\"submit\" src=\"https:\/\/www.paypalobjects.com\/en_US\/AT\/i\/btn\/btn_donateCC_LG.gif\" type=\"image\" \/><br \/>\n<img loading=\"lazy\" decoding=\"async\" src=\"https:\/\/www.paypal.com\/en_AT\/i\/scr\/pixel.gif\" alt=\"\" width=\"1\" height=\"1\" border=\"0\" \/><\/form>\n<p>Sobald uns weitere Fragen bekannt werden, k\u00f6nnen weitere FAQs auf dieser Seite ver\u00f6ffentlicht werden. Keine Aussage auf dieser Seite hat die Absicht, die Satzung unseres Vereins zu ersetzen.<\/p>","protected":false},"excerpt":{"rendered":"<p>Frequently Asked Questions On this page, we will attempt to answer some of the most common questions that you might have about our Association, its goals, or other details regarding our mission. If you have other questions, please do not hesitate to contact us. Q: Is the RMS OLYMPIC STEINWAY ASSOCIATION a non-profit organisation? A:&#8230;<\/p>","protected":false},"author":1,"featured_media":0,"parent":0,"menu_order":0,"comment_status":"closed","ping_status":"closed","template":"","meta":{"_kad_post_transparent":"default","_kad_post_title":"default","_kad_post_layout":"default","_kad_post_sidebar_id":"","_kad_post_content_style":"default","_kad_post_vertical_padding":"default","_kad_post_feature":"","_kad_post_feature_position":"","_kad_post_header":false,"_kad_post_footer":false,"footnotes":""},"class_list":["post-366","page","type-page","status-publish","hentry"],"_links":{"self":[{"href":"https:\/\/www.rmsolympicpiano.com\/de\/wp-json\/wp\/v2\/pages\/366","targetHints":{"allow":["GET"]}}],"collection":[{"href":"https:\/\/www.rmsolympicpiano.com\/de\/wp-json\/wp\/v2\/pages"}],"about":[{"href":"https:\/\/www.rmsolympicpiano.com\/de\/wp-json\/wp\/v2\/types\/page"}],"author":[{"embeddable":true,"href":"https:\/\/www.rmsolympicpiano.com\/de\/wp-json\/wp\/v2\/users\/1"}],"replies":[{"embeddable":true,"href":"https:\/\/www.rmsolympicpiano.com\/de\/wp-json\/wp\/v2\/comments?post=366"}],"version-history":[{"count":37,"href":"https:\/\/www.rmsolympicpiano.com\/de\/wp-json\/wp\/v2\/pages\/366\/revisions"}],"predecessor-version":[{"id":459,"href":"https:\/\/www.rmsolympicpiano.com\/de\/wp-json\/wp\/v2\/pages\/366\/revisions\/459"}],"wp:attachment":[{"href":"https:\/\/www.rmsolympicpiano.com\/de\/wp-json\/wp\/v2\/media?parent=366"}],"curies":[{"name":"wp","href":"https:\/\/api.w.org\/{rel}","templated":true}]}}