{"id":234,"date":"2023-12-04T05:24:49","date_gmt":"2023-12-04T05:24:49","guid":{"rendered":"https:\/\/www.rmsolympicpiano.com\/?page_id=234"},"modified":"2024-11-30T20:34:01","modified_gmt":"2024-11-30T20:34:01","slug":"contribute","status":"publish","type":"page","link":"https:\/\/www.rmsolympicpiano.com\/de\/contribute\/","title":{"rendered":"Unterst\u00fctzen Sie uns"},"content":{"rendered":"<h1><strong>Unterst\u00fctzen Sie uns<\/strong><\/h1>\n<figure id=\"attachment_424\" aria-describedby=\"caption-attachment-424\" style=\"width: 128px\" class=\"wp-caption alignnone\"><img loading=\"lazy\" decoding=\"async\" class=\"wp-image-424 size-full\" src=\"https:\/\/www.rmsolympicpiano.com\/wp-content\/uploads\/2023\/12\/Donation-QR-code.png\" alt=\"\" width=\"128\" height=\"128\" srcset=\"https:\/\/www.rmsolympicpiano.com\/wp-content\/uploads\/2023\/12\/Donation-QR-code.png 128w, https:\/\/www.rmsolympicpiano.com\/wp-content\/uploads\/2023\/12\/Donation-QR-code-12x12.png 12w\" sizes=\"auto, (max-width: 128px) 100vw, 128px\" \/><figcaption id=\"caption-attachment-424\" class=\"wp-caption-text\">Scan here to donate \/ Hier scannen, um zu spenden<\/figcaption><\/figure>\n<p><span style=\"font-family: var(--global-body-font-family);\">Die RMS OLYMPIC STEINWAY ASSOCIATION, ein Zweigverein der ASSOCIATION FOR THE PRESERVATION AND MAINTENANCE OF HISTORICALLY SIGNIFICANT INSTRUMENTS, ist in \u00d6sterreich als gemeinn\u00fctziger Verein eingetragen. <\/span><strong style=\"font-family: var(--global-body-font-family);\">Registernummer: ZVR-Zahl 1275064672.<\/strong><span style=\"font-family: var(--global-body-font-family);\">Seien Sie versichert, dass unsere Organisation gesetzlich verpflichtet ist, durch Vorkehrungen wie Bewilligungen f\u00fcr Ausgaben und regelm\u00e4\u00dfige Rechnungspr\u00fcfungen f\u00fcr die ordnungsgem\u00e4\u00dfe Verwendung der Mittel zu sorgen.<\/span><\/p>\n<p class=\"translation-block\">Zus\u00e4tzlich zu der betr\u00e4chtlichen Summe, die wir f\u00fcr den Kauf dieses Klaviers und seinen Transport an seinen neuen Standort aufbringen m\u00fcssen, ben\u00f6tigt unsere Organisation im Laufe der Zeit auch eine kontinuierliche Finanzierung durch die \u00d6ffentlichkeit, um das Instrument zu pflegen und zu warten. Wir freuen uns \u00fcber jeden noch so kleinen Beitrag, den die \u00d6ffentlichkeit zur Erreichung dieser Ziele leisten kann. F\u00fcr weitere Informationen dar\u00fcber, wie Sie uns helfen k\u00f6nnen, wenden Sie sich bitte direkt<\/a> an uns oder besuchen Sie unsere Seite mit h\u00e4ufig gestellten Fragen<\/a>.<\/p>\n<form action=\"https:\/\/www.paypal.com\/donate\" method=\"post\" target=\"_top\"><input name=\"hosted_button_id\" type=\"hidden\" value=\"4QE4759GYP974\" \/><br \/>\n<input title=\"PayPal - The safer, easier way to pay online!\" alt=\"Donate with PayPal button\" name=\"submit\" src=\"https:\/\/www.paypalobjects.com\/en_US\/AT\/i\/btn\/btn_donateCC_LG.gif\" type=\"image\" \/><\/p>\n<hr \/>\n<p><strong>Oder spenden Sie per Bank\u00fcberweisung:<\/strong><\/p>\n<p>Innerhalb der EU\/des Vereinigten K\u00f6nigreichs:<\/p>\n<ul>\n<li>Verein zum Erhalt und zur Pflege historisch bedeutsamer Instrumente.<\/li>\n<li><span style=\"font-family: var(--global-body-font-family);\">Spendenkonto: IBAN AT02 1500 0008 2112 1274<\/span><\/li>\n<\/ul>\n<p>Wenn Sie au\u00dferhalb der EU\/des Vereinigten K\u00f6nigreichs leben, wenden Sie sich bitte an uns, um weitere Kontodaten zu erhalten.<\/p>\n<hr \/>\n<p><img loading=\"lazy\" decoding=\"async\" src=\"https:\/\/www.paypal.com\/en_AT\/i\/scr\/pixel.gif\" alt=\"\" width=\"1\" height=\"1\" border=\"0\" \/><\/p>\n<\/form>\n<p>In der Zwischenzeit lesen Sie bitte die folgenden Informationen \u00fcber die einzelnen Stufen, im Rahmen derer Sie uns unterst\u00fctzen k\u00f6nnen und nehmen Sie die f\u00fcr sich angemessene in Anspruch:<\/p>\n<h3>Bronze-Stufe: Spender<\/h3>\n<p>Alle Spender, die eine Einzelspende von bis zu 100 \u20ac leisten, erhalten ein Dankschreiben von unserem Vorstand. Wenn Sie es w\u00fcnschen, wird Ihr Name auf der Facebook-Seite des Vereines als 'Bronze Level Spender' erscheinen.<\/p>\n<p>Mehrere Spenden eines einzelnen Spenders, die jeweils weniger als 100 \u20ac betragen und im Laufe eines Kalenderjahres get\u00e4tigt werden, k\u00f6nnen schrittweise zur \"Silbernen Stufe\" werden.<\/p>\n<h3>Silber-Stufe: Au\u00dferordentliches Mitglied<\/h3>\n<p>Alle Spender, die Einzelspenden in der H\u00f6he von 100 bis 500 \u20ac leisten, werden automatisch zu Spendern der Silberstufe und sind fortan \u201eau\u00dferordentliche Mitglieder\u201c unseres Vereines. Als au\u00dferordentliches Mitglied gehen Sie keinerlei Verpflichtungen ein. Wir hei\u00dfen Sie jedoch herzlich in unserem Mitgliederkreis willkommen und Sie werden \u00fcber unsere Aktivit\u00e4ten, k\u00fcnftige Veranstaltungen und den Stand des Projekts informiert. Wenn Sie es w\u00fcnschen, wird Ihr Name sowohl auf unserer offiziellen Facebook-Seite, als auch auf unserer Website als \"Silber Level Spender\" angezeigt.<\/p>\n<p>Mehrere Spenden eines einzelnen Spenders, die jeweils zwischen 100 und 500 \u20ac betragen und im Laufe eines Kalenderjahres get\u00e4tigt werden, k\u00f6nnen schrittweise zur \"Goldenen Stufe\" werden.<\/p>\n<h3>Gold-Stufe: Unterst\u00fctzendes Mitglied<\/h3>\n<p>Alle Spender, die eine Einzelspende in der H\u00f6he von 500 \u20ac oder mehr leisten, werden automatisch zu Spendern der Gold-Stufe und sind fortan \u201eunterst\u00fctzende Mitglieder\u201c unseres Vereines. Dieses Privileg ist mit drei M\u00f6glichkeiten der Anerkennung verbunden, falls der Spender dies w\u00fcnscht:<\/p>\n<ol>\n<li>Ihr Name wird sowohl auf unserer Facebook-Seite als auch auf unserer Website als \"Gold Level Spender\" angezeigt.<\/li>\n<li>Ihr Name wird in unserem viertelj\u00e4hrlichen Newsletter als \"Gold Level Spender\" ver\u00f6ffentlich.<\/li>\n<li>Ihr Name wird als \"Gold Level Spender\" auf einer Ehrenplakette neben dem Klavier in seinem neuen Zuhause genannt.<\/li>\n<\/ol>\n<p>Wie bei den au\u00dferordentlichen Mitgliedern ist auch diese Stufe der Mitgliedschaft mit keinerlei Verpflichtungen verbunden. Bitte beachten Sie, dass mehrere Einzelspenden in der H\u00f6he von 500 \u20ac oder mehr nicht zur \u201ePlatin-Stufe\" werden.<\/p>\n<h3>Platin-Stufe : Ordentliches Mitglied<\/h3>\n<p>Um die Platin-Stufe und die \u201eordentliche Mitgliedschaft\u201c zu erwerben sind 2 Dinge erforderlich.<\/p>\n<ol>\n<li>Bitte stellen Sie einen schriftlichen Antrag, das Formular k\u00f6nnen Sie hier herunterladen und senden Sie es uns zu (dieses Formular wird in K\u00fcrze zum Download zur Verf\u00fcgung stehen).<\/li>\n<li>Sie m\u00fcssen sich verpflichten, einen Mindestmitgliedsbeitrag von 1.000 \u20ac zu spenden, der sofort nach Genehmigung Ihres Antrags f\u00e4llig wird, sowie eine wiederkehrende j\u00e4hrliche Spende von mindestens 50 \u20ac zu leisten.<\/li>\n<\/ol>\n<p>Wenn der Antrag des potenziellen Spenders f\u00fcr diese Mitgliedschaftsstufe angenommen wird und die begleitende Spende in H\u00f6he von 1.000 \u20ac innerhalb einer Woche nach der Benachrichtigung \u00fcber die Genehmigung eingeht, werden Sie ein \"Platinum Level Spender\" UND \"Ordentliches Mitglied\". Als 'Ordentliches Mitglied' sind Sie eingeladen sich aktiv an der Arbeit des Vereines zu beteiligen und die Zukunft des Klaviers mitzubestimmen. Ordentliche Mitglieder verf\u00fcgen \u00fcber Stimmrecht in der Generalversammlung. Die 'Ordentliche Mitgliedschaft' erlischt, sollte der j\u00e4hrliche Mitgliedsbeitrag von \u20ac50 ausbleiben. \u201eOrdentliche Mitglieder\" k\u00f6nnen zus\u00e4tzlich zum Mitgliedsbeitrag von 1000 \u20ac auch einen eigenen Beitrag leisten, wenn Sie dies w\u00fcnschen.<\/p>\n<p>Diese Stufe der Spende und des Engagements f\u00fcr unsere Organisation bietet dieselben M\u00f6glichkeiten der Anerkennung (auf unserer Facebook-Seite und auf unserer Website, in unserem E-Newsletter und auf einer Ehrenplakette am Klavier) wie die Goldstufe der Mitgliedschaft, wird aber in der separaten Kategorie \"Platin Level Spender\" angezeigt.<\/p>\n<hr \/>\n<form action=\"https:\/\/www.paypal.com\/donate\" method=\"post\" target=\"_top\"><input name=\"hosted_button_id\" type=\"hidden\" value=\"4QE4759GYP974\" \/><br \/>\n<input title=\"PayPal - The safer, easier way to pay online!\" alt=\"Donate with PayPal button\" name=\"submit\" src=\"https:\/\/www.paypalobjects.com\/en_US\/AT\/i\/btn\/btn_donateCC_LG.gif\" type=\"image\" \/><br \/>\n<img loading=\"lazy\" decoding=\"async\" src=\"https:\/\/www.paypal.com\/en_AT\/i\/scr\/pixel.gif\" alt=\"\" width=\"1\" height=\"1\" border=\"0\" \/><\/form>\n<p style=\"text-align: left;\"><strong>Um Komplikationen mit den PayPal-Richtlinien zu vermeiden, verwenden Sie bitte nicht die Option \"Freunde und Familie\", wenn Sie \u00fcber PayPal spenden.\u00a0<\/strong>Mit der Zeit werden die M\u00f6glichkeiten f\u00fcr Spenden um \u00dcberweisungen auf unser Vereinskonto erweitert.<\/p>\n<p>&nbsp;<\/p>","protected":false},"excerpt":{"rendered":"<p>Contribute The RMS OLYMPIC STEINWAY ASSOCIATION, a subsidiary of the ASSOCIATION FOR THE PRESERVATION AND MAINTENANCE OF HISTORICALLY SIGNIFICANT INSTRUMENTS, is legally registered in Austria as a non-profit organization. Registry Number: ZVR-Zahl 1275064672. Rest assured that our organisation is legally obligated to care for funds via precautions such as authorisations for expenditures and regular audits&#8230;.<\/p>","protected":false},"author":1,"featured_media":0,"parent":0,"menu_order":0,"comment_status":"closed","ping_status":"closed","template":"","meta":{"_kad_post_transparent":"default","_kad_post_title":"default","_kad_post_layout":"default","_kad_post_sidebar_id":"","_kad_post_content_style":"default","_kad_post_vertical_padding":"default","_kad_post_feature":"","_kad_post_feature_position":"","_kad_post_header":false,"_kad_post_footer":false,"footnotes":""},"class_list":["post-234","page","type-page","status-publish","hentry"],"_links":{"self":[{"href":"https:\/\/www.rmsolympicpiano.com\/de\/wp-json\/wp\/v2\/pages\/234","targetHints":{"allow":["GET"]}}],"collection":[{"href":"https:\/\/www.rmsolympicpiano.com\/de\/wp-json\/wp\/v2\/pages"}],"about":[{"href":"https:\/\/www.rmsolympicpiano.com\/de\/wp-json\/wp\/v2\/types\/page"}],"author":[{"embeddable":true,"href":"https:\/\/www.rmsolympicpiano.com\/de\/wp-json\/wp\/v2\/users\/1"}],"replies":[{"embeddable":true,"href":"https:\/\/www.rmsolympicpiano.com\/de\/wp-json\/wp\/v2\/comments?post=234"}],"version-history":[{"count":22,"href":"https:\/\/www.rmsolympicpiano.com\/de\/wp-json\/wp\/v2\/pages\/234\/revisions"}],"predecessor-version":[{"id":494,"href":"https:\/\/www.rmsolympicpiano.com\/de\/wp-json\/wp\/v2\/pages\/234\/revisions\/494"}],"wp:attachment":[{"href":"https:\/\/www.rmsolympicpiano.com\/de\/wp-json\/wp\/v2\/media?parent=234"}],"curies":[{"name":"wp","href":"https:\/\/api.w.org\/{rel}","templated":true}]}}