{"id":107,"date":"2023-11-30T05:57:18","date_gmt":"2023-11-30T05:57:18","guid":{"rendered":"http:\/\/www.rmsolympicpiano.com\/?page_id=107"},"modified":"2023-12-19T06:04:42","modified_gmt":"2023-12-19T06:04:42","slug":"contact-us","status":"publish","type":"page","link":"https:\/\/www.rmsolympicpiano.com\/de\/contact-us\/","title":{"rendered":"Kontaktieren Sie uns"},"content":{"rendered":"<h1>Kontaktieren Sie uns<\/h1>\n<p class=\"translation-block\">Wenn Sie weitere Informationen dar\u00fcber w\u00fcnschen, wie Sie unsere Mission zur Rettung des \u00fcberlebenden Klavieres der Olympic unterst\u00fctzen k\u00f6nnen, oder wenn Sie ein Journalist sind der \u00fcber unsere Mission berichten m\u00f6chte, <a href=\"mailto:contactus@rmsolympicpiano.com\" target=\"_self\">kontaktieren Sie uns bitte hier<\/a>.<\/p>\n<form action=\"https:\/\/www.paypal.com\/donate\" method=\"post\" target=\"_top\">\n<input type=\"hidden\" name=\"hosted_button_id\" value=\"4QE4759GYP974\" \/><br \/>\n<input type=\"image\" src=\"https:\/\/www.paypalobjects.com\/en_US\/AT\/i\/btn\/btn_donateCC_LG.gif\" border=\"0\" name=\"submit\" title=\"PayPal - The safer, easier way to pay online!\" alt=\"Donate with PayPal button\" \/><br \/>\n<img loading=\"lazy\" decoding=\"async\" alt=\"\" border=\"0\" src=\"https:\/\/www.paypal.com\/en_AT\/i\/scr\/pixel.gif\" width=\"1\" height=\"1\" \/><br \/>\n<\/form>","protected":false},"excerpt":{"rendered":"<p>Contact Us If you would like further information on how you can support our mission of saving Olympic&#8216;s surviving piano, or you are a journalist who would like to feature a story about our mission, or the like, please contact us here.<\/p>","protected":false},"author":1,"featured_media":0,"parent":0,"menu_order":0,"comment_status":"closed","ping_status":"closed","template":"","meta":{"_kad_post_transparent":"default","_kad_post_title":"default","_kad_post_layout":"default","_kad_post_sidebar_id":"","_kad_post_content_style":"default","_kad_post_vertical_padding":"default","_kad_post_feature":"","_kad_post_feature_position":"","_kad_post_header":false,"_kad_post_footer":false,"footnotes":""},"class_list":["post-107","page","type-page","status-publish","hentry"],"_links":{"self":[{"href":"https:\/\/www.rmsolympicpiano.com\/de\/wp-json\/wp\/v2\/pages\/107","targetHints":{"allow":["GET"]}}],"collection":[{"href":"https:\/\/www.rmsolympicpiano.com\/de\/wp-json\/wp\/v2\/pages"}],"about":[{"href":"https:\/\/www.rmsolympicpiano.com\/de\/wp-json\/wp\/v2\/types\/page"}],"author":[{"embeddable":true,"href":"https:\/\/www.rmsolympicpiano.com\/de\/wp-json\/wp\/v2\/users\/1"}],"replies":[{"embeddable":true,"href":"https:\/\/www.rmsolympicpiano.com\/de\/wp-json\/wp\/v2\/comments?post=107"}],"version-history":[{"count":4,"href":"https:\/\/www.rmsolympicpiano.com\/de\/wp-json\/wp\/v2\/pages\/107\/revisions"}],"predecessor-version":[{"id":430,"href":"https:\/\/www.rmsolympicpiano.com\/de\/wp-json\/wp\/v2\/pages\/107\/revisions\/430"}],"wp:attachment":[{"href":"https:\/\/www.rmsolympicpiano.com\/de\/wp-json\/wp\/v2\/media?parent=107"}],"curies":[{"name":"wp","href":"https:\/\/api.w.org\/{rel}","templated":true}]}}