{"id":10,"date":"2023-11-26T05:47:32","date_gmt":"2023-11-26T05:47:32","guid":{"rendered":"http:\/\/www.rmsolympicpiano.com\/?page_id=10"},"modified":"2024-03-19T20:48:49","modified_gmt":"2024-03-19T20:48:49","slug":"welcome-aboard","status":"publish","type":"page","link":"https:\/\/www.rmsolympicpiano.com\/de\/","title":{"rendered":"Startseite"},"content":{"rendered":"<h1 class=\"wp-block-image size-large\" style=\"text-align: center;\"><img loading=\"lazy\" decoding=\"async\" class=\"aligncenter wp-image-17 size-full\" src=\"http:\/\/www.rmsolympicpiano.com\/wp-content\/uploads\/2023\/11\/LOGO-wide-cropped.png\" alt=\"\" width=\"1920\" height=\"724\" srcset=\"https:\/\/www.rmsolympicpiano.com\/wp-content\/uploads\/2023\/11\/LOGO-wide-cropped.png 1920w, https:\/\/www.rmsolympicpiano.com\/wp-content\/uploads\/2023\/11\/LOGO-wide-cropped-300x113.png 300w, https:\/\/www.rmsolympicpiano.com\/wp-content\/uploads\/2023\/11\/LOGO-wide-cropped-1024x386.png 1024w, https:\/\/www.rmsolympicpiano.com\/wp-content\/uploads\/2023\/11\/LOGO-wide-cropped-768x290.png 768w, https:\/\/www.rmsolympicpiano.com\/wp-content\/uploads\/2023\/11\/LOGO-wide-cropped-1536x579.png 1536w\" sizes=\"auto, (max-width: 1920px) 100vw, 1920px\" \/><\/h1>\n<p><em><strong>Willkommen<\/strong> <\/em>auf der offiziellen Website der RMS OLYMPIC STEINWAY ASSOCIATION, eines Zweigvereines des VEREINES ZUM ERHALT UND ZUR PFLEGE HISTORISCH BEDEUTSAMER INSTRUMENTE. Wir sind eine gesetzlich eingetragene gemeinn\u00fctzige Organisation. Unser Ziel ist der Erwerb, der Erhalt und die Pflege eines besonderen Klaviers vom Typ K 52\u201c, welches mit einem kunstvollen Geh\u00e4use ausgestattet ist, das speziell f\u00fcr den White Star Liner RMS <em>Olympic zu erhalten<\/em>. F\u00fcr eine ausf\u00fchrliche Beschreibung unseres Anliegens <a href=\"http:\/\/www.rmsolympicpiano.com\/de\/mission-statement\/\">klicken Sie bitte hier.<\/a>.<\/p>\n<form action=\"https:\/\/www.paypal.com\/donate\" method=\"post\" target=\"_top\"><input name=\"hosted_button_id\" type=\"hidden\" value=\"4QE4759GYP974\" \/><br \/>\n<input title=\"PayPal - The safer, easier way to pay online!\" alt=\"Donate with PayPal button\" name=\"submit\" src=\"https:\/\/www.paypalobjects.com\/en_US\/AT\/i\/btn\/btn_donateCC_LG.gif\" type=\"image\" \/><br \/>\n<img loading=\"lazy\" decoding=\"async\" src=\"https:\/\/www.paypal.com\/en_AT\/i\/scr\/pixel.gif\" alt=\"\" width=\"1\" height=\"1\" border=\"0\" \/><\/form>\n<p><span style=\"font-family: var(--global-body-font-family);\">Das fragliche Klavier wurde auf der <\/span><em style=\"font-family: var(--global-body-font-family);\">Olympic zu erhalten<\/em><span style=\"font-family: var(--global-body-font-family);\"> w\u00e4hrend ihrer Winter\u00fcberholung 1912-13 installiert, kurz nach dem Untergang ihres bekannteren Schwesterschiffs <\/span><em style=\"font-family: var(--global-body-font-family);\">Titanic<\/em><span style=\"font-family: var(--global-body-font-family);\"> und scheint w\u00e4hrend des gr\u00f6\u00dften Teils ihrer Karriere an Bord der\u00a0<\/span><em style=\"font-family: var(--global-body-font-family);\">Olympic zu erhalten<\/em><span style=\"font-family: var(--global-body-font-family);\"> geblieben zu sein. F\u00fcr einen ausf\u00fchrlichen Artikel \u00fcber die Geschichte dieses Klaviers und seine Verbindung zur\u00a0<\/span><em style=\"font-family: var(--global-body-font-family);\">Olympic zu erhalten<\/em><span style=\"font-family: var(--global-body-font-family);\"> und\u00a0<\/span><em style=\"font-family: var(--global-body-font-family);\">Titanic<\/em><span style=\"font-family: var(--global-body-font-family);\">, <\/span><a style=\"font-family: var(--global-body-font-family);\" href=\"http:\/\/www.rmsolympicpiano.com\/de\/olympic-titanic-piano-history\/\">klicken Sie bitte hier.<\/a> Vielleicht interessieren Sie sich auch f\u00fcr das unten stehende Dokumentarvideo:<\/p>\n<p><iframe loading=\"lazy\" title=\"YouTube video player\" src=\"https:\/\/www.youtube.com\/embed\/chekKLvCq8E?si=Ga8mtxXkLF_dKBZe\" width=\"560\" height=\"315\" frameborder=\"0\" allowfullscreen=\"allowfullscreen\"><\/iframe><\/p>\n<hr \/>\n<p class=\"translation-block\">Bitte genie\u00dfen Sie diese Auswahl an Bildern des <em>Olympic<\/em>-Klaviers, um dessen Erhalt sich unsere Organisation bem\u00fcht. (Alle Fotos mit freundlicher Genehmigung von Patrick C. Vida, Vorstandsvorsitzender der RMS OLYMPIC STEINWAY ASSOCIATION).<\/p>\n<!-- Final Tiles Grid Gallery for WordPress v3.6.2 free --><style>#ftg-33 .tile .icon { color:#ffffff; }#ftg-33 .ftg-items .loading-bar i { background:#666; }#ftg-33 .ftg-items .loading-bar { background:#fff; }#ftg-33 .tile .icon { font-size:12px; }#ftg-33 .tile .icon { margin: -6px 0 0 -6px; }#ftg-33 .tile .caption-block .text-wrapper span.text { font-size:12px; }#ftg-33 .tile .caption-outside .text-wrapper span.text { font-size:12px; }#ftg-33 .tile .caption-block .text-wrapper span.title { font-size:14px; }#ftg-33 .tile .caption-outside .text-wrapper span.title { font-size:14px; }#ftg-33 .tile { background-color: transparent; }#ftg-33 .tile .caption-block .text-wrapper span.text { color: #ffffff; }#ftg-33 .tile .caption-block .text-wrapper span.title { color: #ffffff; }#ftg-33 .tile .caption-outside .text-wrapper span.text { color: #ffffff; }#ftg-33 .tile .caption-outside .text-wrapper span.title { color: #ffffff; }#ftg-33 .tile .ftg-social a { color: #ffffff; }#ftg-33 .tile .caption-block { transition-duration:0.25s; }#ftg-33 .tile .tile-inner:before { background-color: #000000; }#ftg-33 .tile .tile-inner:before { background-color: rgba(0, 0, 0, 0.8); }#ftg-33 .tile:hover img {-moz-transform: -moz-rotate(0deg) -moz-scale(0) ;-webkit-transform: -webkit-rotate(0deg) -webkit-scale(0) ;-o-transform: -o-rotate(0deg) -o-scale(0) ;-ms-transform: -ms-rotate(0deg) -ms-scale(0) ;transform: rotate(0deg) scale(0) ;}<\/style><a name=\"3\"><\/a><div class=\"final-tiles-gallery  ftg-hover-enabled caption-inside  caption-none caption-middle caption-center\" id=\"ftg-33\" style=\"width: 100%\"><div class='ftg-items'><div class='loading-bar'><i><\/i><\/div><div  class='tile ftg-preload'><a title=\"RMS Olympic Piano 1\" data-lightbox='ftg-33' rel='ftg-33'  class='tile-inner  ftg-lightbox' href='https:\/\/www.rmsolympicpiano.com\/wp-content\/uploads\/2023\/12\/368083239_567546972193442_7276062451882498841_n-1024x477.jpg' ><img alt='RMS Olympic Piano 1' class='item skip-lazy' data-class='item' data-ftg-source='http:\/\/www.rmsolympicpiano.com\/wp-content\/uploads\/2023\/12\/368083239_567546972193442_7276062451882498841_n-1024x477.jpg' src='http:\/\/www.rmsolympicpiano.com\/wp-content\/uploads\/2023\/12\/368083239_567546972193442_7276062451882498841_n-1024x477.jpg' width='2048' height='954' \/><div class='caption-block'><div class='text-wrapper'><span class='title'>RMS Olympic Piano 1<\/span><span class='text'>First glimpse of Olympic's Steinway upright piano.<\/span><\/div><\/div><\/a><div class='ftg-social'><\/div><\/div><div  class='tile ftg-preload'><a title=\"RMS Olympic Piano 2\" data-lightbox='ftg-33' rel='ftg-33'  class='tile-inner  ftg-lightbox' href='https:\/\/www.rmsolympicpiano.com\/wp-content\/uploads\/2023\/12\/376438623_349070654313799_4708740510907062135_n-1024x768.jpg' ><img alt='RMS Olympic Piano 2' class='item skip-lazy' data-class='item' data-ftg-source='http:\/\/www.rmsolympicpiano.com\/wp-content\/uploads\/2023\/12\/376438623_349070654313799_4708740510907062135_n-1024x768.jpg' src='http:\/\/www.rmsolympicpiano.com\/wp-content\/uploads\/2023\/12\/376438623_349070654313799_4708740510907062135_n-1024x768.jpg' width='2048' height='1536' \/><div class='caption-block'><div class='text-wrapper'><span class='title'>RMS Olympic Piano 2<\/span><span class='text'>Wenn man sich dem Klavier n\u00e4hert, ist seine Sch\u00f6nheit geradezu atemberaubend.<\/span><\/div><\/div><\/a><div class='ftg-social'><\/div><\/div><div  class='tile ftg-preload'><a title=\"RMS Olympic Piano 3\" data-lightbox='ftg-33' rel='ftg-33'  class='tile-inner  ftg-lightbox' href='https:\/\/www.rmsolympicpiano.com\/wp-content\/uploads\/2023\/12\/370699456_276571784804660_6820820184597761184_n-1024x768.jpg' ><img alt='RMS Olympic Piano 3' class='item skip-lazy' data-class='item' data-ftg-source='http:\/\/www.rmsolympicpiano.com\/wp-content\/uploads\/2023\/12\/370699456_276571784804660_6820820184597761184_n-1024x768.jpg' src='http:\/\/www.rmsolympicpiano.com\/wp-content\/uploads\/2023\/12\/370699456_276571784804660_6820820184597761184_n-1024x768.jpg' width='2048' height='1536' \/><div class='caption-block'><div class='text-wrapper'><span class='title'>RMS Olympic Piano 3<\/span><span class='text'>The custom cabinet features walnut veneers and ornate gold-leaf embellishments.<\/span><\/div><\/div><\/a><div class='ftg-social'><\/div><\/div><div  class='tile ftg-preload'><a title=\"RMS Olympic Piano 4\" data-lightbox='ftg-33' rel='ftg-33'  class='tile-inner  ftg-lightbox' href='https:\/\/www.rmsolympicpiano.com\/wp-content\/uploads\/2023\/12\/375763752_715036567314112_6396113037701127824_n-1024x768.jpg' ><img alt='RMS Olympic Piano 4' class='item skip-lazy' data-class='item' data-ftg-source='http:\/\/www.rmsolympicpiano.com\/wp-content\/uploads\/2023\/12\/375763752_715036567314112_6396113037701127824_n-1024x768.jpg' src='http:\/\/www.rmsolympicpiano.com\/wp-content\/uploads\/2023\/12\/375763752_715036567314112_6396113037701127824_n-1024x768.jpg' width='2048' height='1536' \/><div class='caption-block'><div class='text-wrapper'><span class='title'>RMS Olympic Piano 4<\/span><\/div><\/div><\/a><div class='ftg-social'><\/div><\/div><div  class='tile ftg-preload'><a title=\"RMS Olympic Piano 5\" data-lightbox='ftg-33' rel='ftg-33'  class='tile-inner  ftg-lightbox' href='https:\/\/www.rmsolympicpiano.com\/wp-content\/uploads\/2023\/12\/396664945_3241806879446092_6266647258965146827_n-1024x768.jpg' ><img alt='RMS Olympic Piano 5' class='item skip-lazy' data-class='item' data-ftg-source='http:\/\/www.rmsolympicpiano.com\/wp-content\/uploads\/2023\/12\/396664945_3241806879446092_6266647258965146827_n-1024x768.jpg' src='http:\/\/www.rmsolympicpiano.com\/wp-content\/uploads\/2023\/12\/396664945_3241806879446092_6266647258965146827_n-1024x768.jpg' width='2048' height='1536' \/><div class='caption-block'><div class='text-wrapper'><span class='title'>RMS Olympic Piano 5<\/span><\/div><\/div><\/a><div class='ftg-social'><\/div><\/div><div  class='tile ftg-preload'><a title=\"RMS Olympic Piano 6\" data-lightbox='ftg-33' rel='ftg-33'  class='tile-inner  ftg-lightbox' href='https:\/\/www.rmsolympicpiano.com\/wp-content\/uploads\/2023\/12\/377235580_1413056655954557_7917453226542354920_n-576x1024.jpg' ><img alt='RMS Olympic Piano 6' class='item skip-lazy' data-class='item' data-ftg-source='http:\/\/www.rmsolympicpiano.com\/wp-content\/uploads\/2023\/12\/377235580_1413056655954557_7917453226542354920_n-576x1024.jpg' src='http:\/\/www.rmsolympicpiano.com\/wp-content\/uploads\/2023\/12\/377235580_1413056655954557_7917453226542354920_n-576x1024.jpg' width='1152' height='2048' \/><div class='caption-block'><div class='text-wrapper'><span class='title'>RMS Olympic Piano 6<\/span><\/div><\/div><\/a><div class='ftg-social'><\/div><\/div><div  class='tile ftg-preload'><a title=\"RMS Olympic Piano 7\" data-lightbox='ftg-33' rel='ftg-33'  class='tile-inner  ftg-lightbox' href='https:\/\/www.rmsolympicpiano.com\/wp-content\/uploads\/2023\/12\/371156074_724202842439090_5699974728631948975_n-768x1024.jpg' ><img alt='RMS Olympic Piano 7' class='item skip-lazy' data-class='item' data-ftg-source='http:\/\/www.rmsolympicpiano.com\/wp-content\/uploads\/2023\/12\/371156074_724202842439090_5699974728631948975_n-768x1024.jpg' src='http:\/\/www.rmsolympicpiano.com\/wp-content\/uploads\/2023\/12\/371156074_724202842439090_5699974728631948975_n-768x1024.jpg' width='1536' height='2048' \/><div class='caption-block'><div class='text-wrapper'><span class='title'>RMS Olympic Piano 7<\/span><\/div><\/div><\/a><div class='ftg-social'><\/div><\/div><div  class='tile ftg-preload'><a title=\"RMS Olympic Piano 9\" data-lightbox='ftg-33' rel='ftg-33'  class='tile-inner  ftg-lightbox' href='https:\/\/www.rmsolympicpiano.com\/wp-content\/uploads\/2023\/12\/377321907_868221868291827_3809151104746250808_n-768x1024.jpg' ><img alt='RMS Olympic Piano 9' class='item skip-lazy' data-class='item' data-ftg-source='http:\/\/www.rmsolympicpiano.com\/wp-content\/uploads\/2023\/12\/377321907_868221868291827_3809151104746250808_n-768x1024.jpg' src='http:\/\/www.rmsolympicpiano.com\/wp-content\/uploads\/2023\/12\/377321907_868221868291827_3809151104746250808_n-768x1024.jpg' width='1536' height='2048' \/><div class='caption-block'><div class='text-wrapper'><span class='title'>RMS Olympic Piano 9<\/span><\/div><\/div><\/a><div class='ftg-social'><\/div><\/div><div  class='tile ftg-preload'><a title=\"RMS Olympic Piano 10\" data-lightbox='ftg-33' rel='ftg-33'  class='tile-inner  ftg-lightbox' href='https:\/\/www.rmsolympicpiano.com\/wp-content\/uploads\/2023\/12\/370236115_651140570534259_1271732534554261436_n-1024x768.jpg' ><img alt='RMS Olympic Piano 10' class='item skip-lazy' data-class='item' data-ftg-source='http:\/\/www.rmsolympicpiano.com\/wp-content\/uploads\/2023\/12\/370236115_651140570534259_1271732534554261436_n-1024x768.jpg' src='http:\/\/www.rmsolympicpiano.com\/wp-content\/uploads\/2023\/12\/370236115_651140570534259_1271732534554261436_n-1024x768.jpg' width='2048' height='1536' \/><div class='caption-block'><div class='text-wrapper'><span class='title'>RMS Olympic Piano 10<\/span><span class='text'>Board President Patrick C. Vida standing beside Olympic's piano.<\/span><\/div><\/div><\/a><div class='ftg-social'><\/div><\/div><div  class='tile ftg-preload'><a title=\"RMS Olympic Piano 11\" data-lightbox='ftg-33' rel='ftg-33'  class='tile-inner  ftg-lightbox' href='https:\/\/www.rmsolympicpiano.com\/wp-content\/uploads\/2023\/12\/371096407_1087633535732141_5437582781277386572_n-768x1024.jpg' ><img alt='RMS Olympic Piano 11' class='item skip-lazy' data-class='item' data-ftg-source='http:\/\/www.rmsolympicpiano.com\/wp-content\/uploads\/2023\/12\/371096407_1087633535732141_5437582781277386572_n-768x1024.jpg' src='http:\/\/www.rmsolympicpiano.com\/wp-content\/uploads\/2023\/12\/371096407_1087633535732141_5437582781277386572_n-768x1024.jpg' width='1536' height='2048' \/><div class='caption-block'><div class='text-wrapper'><span class='title'>RMS Olympic Piano 11<\/span><span class='text'>This instrument can not wait to be played and enjoyed by future generations of Titanic and liner enthusiasts.<\/span><\/div><\/div><\/a><div class='ftg-social'><\/div><\/div><div  class='tile ftg-preload'><a title=\"RMS Olympic Piano 12\" data-lightbox='ftg-33' rel='ftg-33'  class='tile-inner  ftg-lightbox' href='https:\/\/www.rmsolympicpiano.com\/wp-content\/uploads\/2023\/12\/363531682_330925939531314_8467110151021107372_n-1024x768.jpg' ><img alt='RMS Olympic Piano 12' class='item skip-lazy' data-class='item' data-ftg-source='http:\/\/www.rmsolympicpiano.com\/wp-content\/uploads\/2023\/12\/363531682_330925939531314_8467110151021107372_n-1024x768.jpg' src='http:\/\/www.rmsolympicpiano.com\/wp-content\/uploads\/2023\/12\/363531682_330925939531314_8467110151021107372_n-1024x768.jpg' width='2048' height='1536' \/><div class='caption-block'><div class='text-wrapper'><span class='title'>RMS Olympic Piano 12<\/span><span class='text'>We love this piano and its history.<\/span><\/div><\/div><\/a><div class='ftg-social'><\/div><\/div><\/div><\/div>\n<hr \/>\n<figure id=\"attachment_424\" aria-describedby=\"caption-attachment-424\" style=\"width: 128px\" class=\"wp-caption aligncenter\"><img loading=\"lazy\" decoding=\"async\" class=\"wp-image-424 size-full\" src=\"https:\/\/www.rmsolympicpiano.com\/wp-content\/uploads\/2023\/12\/Donation-QR-code.png\" alt=\"\" width=\"128\" height=\"128\" srcset=\"https:\/\/www.rmsolympicpiano.com\/wp-content\/uploads\/2023\/12\/Donation-QR-code.png 128w, https:\/\/www.rmsolympicpiano.com\/wp-content\/uploads\/2023\/12\/Donation-QR-code-12x12.png 12w\" sizes=\"auto, (max-width: 128px) 100vw, 128px\" \/><figcaption id=\"caption-attachment-424\" class=\"wp-caption-text\">Scan here to donate \/ Hier scannen, um zu spenden<\/figcaption><\/figure>\n<p>&nbsp;<\/p>","protected":false},"excerpt":{"rendered":"<p>Welcome to the official web site for the RMS OLYMPIC STEINWAY ASSOCIATION, a subsidiary of the ASSOCIATION FOR THE PRESERVATION AND MAINTENANCE OF HISTORICALLY SIGNIFICANT INSTRUMENTS. We are a legally registered non-profit organization. Our goal is to acquire, preserve, maintain, and share with the public a splendid Model K 52&#8243; piano that was customised with&#8230;<\/p>","protected":false},"author":1,"featured_media":0,"parent":0,"menu_order":0,"comment_status":"closed","ping_status":"closed","template":"","meta":{"_kad_post_transparent":"default","_kad_post_title":"default","_kad_post_layout":"default","_kad_post_sidebar_id":"","_kad_post_content_style":"default","_kad_post_vertical_padding":"default","_kad_post_feature":"","_kad_post_feature_position":"","_kad_post_header":false,"_kad_post_footer":false,"footnotes":""},"class_list":["post-10","page","type-page","status-publish","hentry"],"_links":{"self":[{"href":"https:\/\/www.rmsolympicpiano.com\/de\/wp-json\/wp\/v2\/pages\/10","targetHints":{"allow":["GET"]}}],"collection":[{"href":"https:\/\/www.rmsolympicpiano.com\/de\/wp-json\/wp\/v2\/pages"}],"about":[{"href":"https:\/\/www.rmsolympicpiano.com\/de\/wp-json\/wp\/v2\/types\/page"}],"author":[{"embeddable":true,"href":"https:\/\/www.rmsolympicpiano.com\/de\/wp-json\/wp\/v2\/users\/1"}],"replies":[{"embeddable":true,"href":"https:\/\/www.rmsolympicpiano.com\/de\/wp-json\/wp\/v2\/comments?post=10"}],"version-history":[{"count":32,"href":"https:\/\/www.rmsolympicpiano.com\/de\/wp-json\/wp\/v2\/pages\/10\/revisions"}],"predecessor-version":[{"id":439,"href":"https:\/\/www.rmsolympicpiano.com\/de\/wp-json\/wp\/v2\/pages\/10\/revisions\/439"}],"wp:attachment":[{"href":"https:\/\/www.rmsolympicpiano.com\/de\/wp-json\/wp\/v2\/media?parent=10"}],"curies":[{"name":"wp","href":"https:\/\/api.w.org\/{rel}","templated":true}]}}